{"id":3713,"date":"2022-07-07T12:31:55","date_gmt":"2022-07-07T12:31:55","guid":{"rendered":"http:\/\/www.prevenchute.com\/blog\/?page_id=3713"},"modified":"2025-07-28T17:04:50","modified_gmt":"2025-07-28T17:04:50","slug":"bienvenue-sur-le-blog-du-maintien-a-domicile-get-up","status":"publish","type":"page","link":"https:\/\/www.prevenchute.com\/blog\/","title":{"rendered":"Comment pr\u00e9venir une chute \u00e0 la maison ?"},"content":{"rendered":"<h3>Personne n&rsquo;est \u00e0 l&rsquo;abri d&rsquo;une chute<\/h3>\n<p>La mauvaise nouvelle est que le risque augmente avec l&rsquo;\u00e2ge. La bonne nouvelle est que vous pouvez r\u00e9duire consid\u00e9rablement le risque de chute.<\/p>\n<p>En France, plus de 2 millions de personnes de plus de 65 ans chutent chaque ann\u00e9e. \u00c0 la suite de ces accidents, pas moins de 9 000 personnes sont d\u00e9c\u00e9d\u00e9es, dont 8 000 personnes de plus de 75 ans.<\/p>\n<p>Le plus souvent, ces chutes surviennent lorsque vous marchez, faites des t\u00e2ches m\u00e9nag\u00e8res, jardinez ou vous levez simplement de votre chaise. La perte des r\u00e9flexes, de la force musculaire, de la vision et parfois du sens de l&rsquo;\u00e9quilibre peut contribuer \u00e0 ces accidents.<\/p>\n<p>Vous pouvez vous assurer que vous \u00eates chez vous en utilisant des technologies qui peuvent pr\u00e9venir les chutes, personnaliser votre maison, bien manger, rester actif, vous faciliter la vie et assurer votre s\u00e9curit\u00e9. Votre autonomie et votre bonheur en d\u00e9pendent.<\/p>\n<h2 style=\"text-align: left;\"><strong>Comment construire une maison pour \u00e9viter une chute ?<\/strong><\/h2>\n<p>Quatre-vingt-un pour cent des chutes surviennent \u00e0 la maison, 46 % dans la salle de bain, 18 % dans le salon et 17 % dans la chambre. Il est donc imp\u00e9ratif d&rsquo;\u00e9quiper en priorit\u00e9 les pi\u00e8ces vuln\u00e9rables de votre logement.<\/p>\n<p>Vous trouverez ci-dessous tous les conseils pour \u00e9quiper efficacement votre maison et \u00e9viter les risques de chutes avec les bons produits faciles \u00e0 installer et \u00e0 utiliser.<\/p>\n<h3>Autonomie dans votre salle de bain<\/h3>\n<p>\u00catre ind\u00e9pendant dans la salle de bain : Comment am\u00e9nager la salle de bain pour \u00e9viter de tomber ?<\/p>\n<p>Assurez-vous que le sol de la baignoire ou de la douche a un rev\u00eatement antid\u00e9rapant.<\/p>\n<p>Placez des garde-corps pr\u00e8s des toilettes et de la baignoire afin que vous puissiez vous asseoir et vous lever.<\/p>\n<p>Organiser! Ne laissez pas de fils, de c\u00e2bles ou d&rsquo;autres obstacles de c\u00f4t\u00e9. Pensez \u00e0 acheter un t\u00e9l\u00e9phone sans fil pour ne pas \u00eatre press\u00e9 de r\u00e9pondre.<\/p>\n<h3>Aides \u00e0 la marche : d\u00e9ambulateur et d\u00e9ambulateur<\/h3>\n<p>Comment les aides \u00e0 la marche peuvent-elles pr\u00e9venir les chutes ? Si vous avez des difficult\u00e9s \u00e0 marcher pendant plus de 20 minutes, il peut \u00eatre utile de vous procurer un d\u00e9ambulateur ou une marchette. Utilisez Walker pour retrouver mobilit\u00e9 et \u00e9quilibre<\/p>\n<h3>Installer un t\u00e9l\u00e9phone pour l&rsquo;autonomie<\/h3>\n<p>Assurer l&rsquo;autonomie avec des t\u00e9l\u00e9phones personnalis\u00e9s. Nous vous recommandons d&rsquo;utiliser un t\u00e9l\u00e9phone sans fil ou un t\u00e9l\u00e9phone portable pour vous avertir en cas d&rsquo;urgence ou de chute. Ces t\u00e9l\u00e9phones &#8230; Lire les conseils pour choisir le bon t\u00e9l\u00e9phone.<\/p>\n<h3>\u00catre ind\u00e9pendant en cuisine<\/h3>\n<p>Gardez les casseroles et les articles fr\u00e9quemment utilis\u00e9s dans un endroit facilement accessible. Rangez les objets lourds dans l&rsquo;armoire du bas.<\/p>\n<h3>Comment \u00e9viter de tomber dans les escaliers ?<\/h3>\n<p>\u00c9gayez les escaliers. Installez des mains courantes des deux c\u00f4t\u00e9s de l&rsquo;escalier Retirez les lunettes de lecture avant de monter et de descendre.<\/p>\n<h3>Comment \u00e9viter de tomber \u00e0 l&rsquo;ext\u00e9rieur ?<\/h3>\n<p>Assurez-vous que les escaliers et les all\u00e9es menant \u00e0 votre maison sont en bon \u00e9tat. Illuminez l&rsquo;entr\u00e9e&#8230; Lisez les conseils pour pr\u00e9venir les chutes.<\/p>\n<h3>Mangez bien<\/h3>\n<p>La sous-alimentation peut causer ou augmenter le risque d&rsquo;ost\u00e9oporose, de maladie cardiaque, de diab\u00e8te, d&rsquo;arthrite, etc. Il y a donc un risque accru de chutes.<br \/>\nUne alimentation nutritive vous permet de maintenir votre forme physique, votre endurance et votre \u00e9quilibre. Mangez beaucoup de fruits et de l\u00e9gumes. S&rsquo;il vous pla\u00eet ne sautez pas le repas. Cela provoque une faiblesse et des \u00e9tourdissements et augmente le risque de tr\u00e9bucher et de tomber. Rester actif<\/p>\n<h3>Pratiquez une activit\u00e9 physique tous les jours<\/h3>\n<p>C&rsquo;est le meilleur moyen d&rsquo;\u00e9viter une chute. L&rsquo;activit\u00e9 physique r\u00e9duit le risque de chutes en assouplissant les articulations, en renfor\u00e7ant les os et les muscles, en stimulant la capacit\u00e9 cardiaque et pulmonaire, en \u00e9nergisant, en r\u00e9duisant la fatigue, l&rsquo;insomnie, l&rsquo;anxi\u00e9t\u00e9 et la d\u00e9pression&#8230; fl\u00e2ner. Faites du yoga, de la gymnastique ou d&rsquo;autres activit\u00e9s qui vous aident \u00e0 maintenir votre souplesse et votre \u00e9quilibre. Quelle que soit votre condition physique actuelle, vous pouvez profiter des bienfaits de l&rsquo;activit\u00e9 physique. Parlez-en \u00e0 votre m\u00e9decin avant de commencer un programme d&rsquo;exercices et v\u00e9rifiez r\u00e9guli\u00e8rement votre vue et votre ou\u00efe.<\/p>\n<p>&nbsp;<\/p>\n","protected":false},"excerpt":{"rendered":"<p>Personne n&rsquo;est \u00e0 l&rsquo;abri d&rsquo;une chute La mauvaise nouvelle est que le risque augmente avec l&rsquo;\u00e2ge. La bonne nouvelle est que vous pouvez r\u00e9duire consid\u00e9rablement le risque de chute. En France, plus de 2 millions de personnes de plus de 65 ans chutent chaque ann\u00e9e. \u00c0 la suite de ces accidents, pas moins de 9 [&hellip;]<\/p>\n","protected":false},"author":1,"featured_media":3744,"parent":0,"menu_order":0,"comment_status":"closed","ping_status":"closed","template":"","meta":{"_acf_changed":false,"footnotes":""},"class_list":["post-3713","page","type-page","status-publish","has-post-thumbnail","hentry"],"acf":[],"yoast_head":"<!-- This site is optimized with the Yoast SEO plugin v25.3 - https:\/\/yoast.com\/wordpress\/plugins\/seo\/ -->\n<title>Comment pr\u00e9venir une chute \u00e0 la maison ?<\/title>\n<meta name=\"robots\" content=\"index, follow, max-snippet:-1, max-image-preview:large, max-video-preview:-1\" \/>\n<link rel=\"canonical\" href=\"https:\/\/www.prevenchute.com\/blog\/\" \/>\n<meta property=\"og:locale\" content=\"fr_FR\" \/>\n<meta property=\"og:type\" content=\"article\" \/>\n<meta property=\"og:title\" content=\"Comment pr\u00e9venir une chute \u00e0 la maison ?\" \/>\n<meta property=\"og:description\" content=\"Personne n&rsquo;est \u00e0 l&rsquo;abri d&rsquo;une chute La mauvaise nouvelle est que le risque augmente avec l&rsquo;\u00e2ge. La bonne nouvelle est que vous pouvez r\u00e9duire consid\u00e9rablement le risque de chute. En France, plus de 2 millions de personnes de plus de 65 ans chutent chaque ann\u00e9e. \u00c0 la suite de ces accidents, pas moins de 9 [&hellip;]\" \/>\n<meta property=\"og:url\" content=\"https:\/\/www.prevenchute.com\/blog\/\" \/>\n<meta property=\"og:site_name\" content=\"le Blog du Maintien \u00e0 Domicile\" \/>\n<meta property=\"article:modified_time\" content=\"2025-07-28T17:04:50+00:00\" \/>\n<meta property=\"og:image\" content=\"http:\/\/www.prevenchute.com\/blog\/wp-content\/uploads\/2022\/07\/Aide-a-la-personne-1024x913.jpg\" \/>\n\t<meta property=\"og:image:width\" content=\"1024\" \/>\n\t<meta property=\"og:image:height\" content=\"913\" \/>\n\t<meta property=\"og:image:type\" content=\"image\/jpeg\" \/>\n<meta name=\"twitter:card\" content=\"summary_large_image\" \/>\n<meta name=\"twitter:label1\" content=\"Dur\u00e9e de lecture estim\u00e9e\" \/>\n\t<meta name=\"twitter:data1\" content=\"4 minutes\" \/>\n<script type=\"application\/ld+json\" class=\"yoast-schema-graph\">{\"@context\":\"https:\/\/schema.org\",\"@graph\":[{\"@type\":\"WebPage\",\"@id\":\"https:\/\/www.prevenchute.com\/blog\/\",\"url\":\"https:\/\/www.prevenchute.com\/blog\/\",\"name\":\"Comment pr\u00e9venir une chute \u00e0 la maison ?\",\"isPartOf\":{\"@id\":\"https:\/\/www.prevenchute.com\/blog\/#website\"},\"primaryImageOfPage\":{\"@id\":\"https:\/\/www.prevenchute.com\/blog\/#primaryimage\"},\"image\":{\"@id\":\"https:\/\/www.prevenchute.com\/blog\/#primaryimage\"},\"thumbnailUrl\":\"https:\/\/www.prevenchute.com\/blog\/wp-content\/uploads\/2022\/07\/Aide-a-la-personne.jpg\",\"datePublished\":\"2022-07-07T12:31:55+00:00\",\"dateModified\":\"2025-07-28T17:04:50+00:00\",\"breadcrumb\":{\"@id\":\"https:\/\/www.prevenchute.com\/blog\/#breadcrumb\"},\"inLanguage\":\"fr-FR\",\"potentialAction\":[{\"@type\":\"ReadAction\",\"target\":[\"https:\/\/www.prevenchute.com\/blog\/\"]}]},{\"@type\":\"ImageObject\",\"inLanguage\":\"fr-FR\",\"@id\":\"https:\/\/www.prevenchute.com\/blog\/#primaryimage\",\"url\":\"https:\/\/www.prevenchute.com\/blog\/wp-content\/uploads\/2022\/07\/Aide-a-la-personne.jpg\",\"contentUrl\":\"https:\/\/www.prevenchute.com\/blog\/wp-content\/uploads\/2022\/07\/Aide-a-la-personne.jpg\",\"width\":2037,\"height\":1816,\"caption\":\"Senior woman struggles to walk with the help of a walker and her young granddaughter.\"},{\"@type\":\"BreadcrumbList\",\"@id\":\"https:\/\/www.prevenchute.com\/blog\/#breadcrumb\",\"itemListElement\":[{\"@type\":\"ListItem\",\"position\":1,\"name\":\"Blog\",\"item\":\"https:\/\/www.prevenchute.com\/blog\/\"},{\"@type\":\"ListItem\",\"position\":2,\"name\":\"Comment pr\u00e9venir une chute \u00e0 la maison ?\"}]},{\"@type\":\"WebSite\",\"@id\":\"https:\/\/www.prevenchute.com\/blog\/#website\",\"url\":\"https:\/\/www.prevenchute.com\/blog\/\",\"name\":\"le Blog du Maintien \u00e0 Domicile\",\"description\":\"\",\"potentialAction\":[{\"@type\":\"SearchAction\",\"target\":{\"@type\":\"EntryPoint\",\"urlTemplate\":\"https:\/\/www.prevenchute.com\/blog\/?s={search_term_string}\"},\"query-input\":{\"@type\":\"PropertyValueSpecification\",\"valueRequired\":true,\"valueName\":\"search_term_string\"}}],\"inLanguage\":\"fr-FR\"}]}<\/script>\n<!-- \/ Yoast SEO plugin. -->","yoast_head_json":{"title":"Comment pr\u00e9venir une chute \u00e0 la maison ?","robots":{"index":"index","follow":"follow","max-snippet":"max-snippet:-1","max-image-preview":"max-image-preview:large","max-video-preview":"max-video-preview:-1"},"canonical":"https:\/\/www.prevenchute.com\/blog\/","og_locale":"fr_FR","og_type":"article","og_title":"Comment pr\u00e9venir une chute \u00e0 la maison ?","og_description":"Personne n&rsquo;est \u00e0 l&rsquo;abri d&rsquo;une chute La mauvaise nouvelle est que le risque augmente avec l&rsquo;\u00e2ge. La bonne nouvelle est que vous pouvez r\u00e9duire consid\u00e9rablement le risque de chute. En France, plus de 2 millions de personnes de plus de 65 ans chutent chaque ann\u00e9e. \u00c0 la suite de ces accidents, pas moins de 9 [&hellip;]","og_url":"https:\/\/www.prevenchute.com\/blog\/","og_site_name":"le Blog du Maintien \u00e0 Domicile","article_modified_time":"2025-07-28T17:04:50+00:00","og_image":[{"width":1024,"height":913,"url":"http:\/\/www.prevenchute.com\/blog\/wp-content\/uploads\/2022\/07\/Aide-a-la-personne-1024x913.jpg","type":"image\/jpeg"}],"twitter_card":"summary_large_image","twitter_misc":{"Dur\u00e9e de lecture estim\u00e9e":"4 minutes"},"schema":{"@context":"https:\/\/schema.org","@graph":[{"@type":"WebPage","@id":"https:\/\/www.prevenchute.com\/blog\/","url":"https:\/\/www.prevenchute.com\/blog\/","name":"Comment pr\u00e9venir une chute \u00e0 la maison ?","isPartOf":{"@id":"https:\/\/www.prevenchute.com\/blog\/#website"},"primaryImageOfPage":{"@id":"https:\/\/www.prevenchute.com\/blog\/#primaryimage"},"image":{"@id":"https:\/\/www.prevenchute.com\/blog\/#primaryimage"},"thumbnailUrl":"https:\/\/www.prevenchute.com\/blog\/wp-content\/uploads\/2022\/07\/Aide-a-la-personne.jpg","datePublished":"2022-07-07T12:31:55+00:00","dateModified":"2025-07-28T17:04:50+00:00","breadcrumb":{"@id":"https:\/\/www.prevenchute.com\/blog\/#breadcrumb"},"inLanguage":"fr-FR","potentialAction":[{"@type":"ReadAction","target":["https:\/\/www.prevenchute.com\/blog\/"]}]},{"@type":"ImageObject","inLanguage":"fr-FR","@id":"https:\/\/www.prevenchute.com\/blog\/#primaryimage","url":"https:\/\/www.prevenchute.com\/blog\/wp-content\/uploads\/2022\/07\/Aide-a-la-personne.jpg","contentUrl":"https:\/\/www.prevenchute.com\/blog\/wp-content\/uploads\/2022\/07\/Aide-a-la-personne.jpg","width":2037,"height":1816,"caption":"Senior woman struggles to walk with the help of a walker and her young granddaughter."},{"@type":"BreadcrumbList","@id":"https:\/\/www.prevenchute.com\/blog\/#breadcrumb","itemListElement":[{"@type":"ListItem","position":1,"name":"Blog","item":"https:\/\/www.prevenchute.com\/blog\/"},{"@type":"ListItem","position":2,"name":"Comment pr\u00e9venir une chute \u00e0 la maison ?"}]},{"@type":"WebSite","@id":"https:\/\/www.prevenchute.com\/blog\/#website","url":"https:\/\/www.prevenchute.com\/blog\/","name":"le Blog du Maintien \u00e0 Domicile","description":"","potentialAction":[{"@type":"SearchAction","target":{"@type":"EntryPoint","urlTemplate":"https:\/\/www.prevenchute.com\/blog\/?s={search_term_string}"},"query-input":{"@type":"PropertyValueSpecification","valueRequired":true,"valueName":"search_term_string"}}],"inLanguage":"fr-FR"}]}},"_links":{"self":[{"href":"https:\/\/www.prevenchute.com\/blog\/wp-json\/wp\/v2\/pages\/3713","targetHints":{"allow":["GET"]}}],"collection":[{"href":"https:\/\/www.prevenchute.com\/blog\/wp-json\/wp\/v2\/pages"}],"about":[{"href":"https:\/\/www.prevenchute.com\/blog\/wp-json\/wp\/v2\/types\/page"}],"author":[{"embeddable":true,"href":"https:\/\/www.prevenchute.com\/blog\/wp-json\/wp\/v2\/users\/1"}],"replies":[{"embeddable":true,"href":"https:\/\/www.prevenchute.com\/blog\/wp-json\/wp\/v2\/comments?post=3713"}],"version-history":[{"count":15,"href":"https:\/\/www.prevenchute.com\/blog\/wp-json\/wp\/v2\/pages\/3713\/revisions"}],"predecessor-version":[{"id":4038,"href":"https:\/\/www.prevenchute.com\/blog\/wp-json\/wp\/v2\/pages\/3713\/revisions\/4038"}],"wp:featuredmedia":[{"embeddable":true,"href":"https:\/\/www.prevenchute.com\/blog\/wp-json\/wp\/v2\/media\/3744"}],"wp:attachment":[{"href":"https:\/\/www.prevenchute.com\/blog\/wp-json\/wp\/v2\/media?parent=3713"}],"curies":[{"name":"wp","href":"https:\/\/api.w.org\/{rel}","templated":true}]}}